{"id":19,"date":"2021-08-01T12:33:27","date_gmt":"2021-08-01T10:33:27","guid":{"rendered":"https:\/\/new.kpc-project.com\/?page_id=19"},"modified":"2023-08-29T14:10:26","modified_gmt":"2023-08-29T12:10:26","slug":"leistungen","status":"publish","type":"page","link":"https:\/\/www.kpc-project.com\/en\/leistungen\/","title":{"rendered":"Services"},"content":{"rendered":"\t\t<div data-elementor-type=\"wp-page\" data-elementor-id=\"19\" class=\"elementor elementor-19\">\n\t\t\t\t\t\t\t\t\t<section class=\"elementor-section elementor-top-section elementor-element elementor-element-defd3ea elementor-section-full_width elementor-section-height-full elementor-section-height-default elementor-section-items-middle\" data-id=\"defd3ea\" data-element_type=\"section\" data-settings=\"{&quot;background_background&quot;:&quot;classic&quot;}\">\n\t\t\t\t\t\t<div class=\"elementor-container elementor-column-gap-default\">\n\t\t\t\t\t<div class=\"elementor-column elementor-col-50 elementor-top-column elementor-element elementor-element-41e4dae\" data-id=\"41e4dae\" data-element_type=\"column\">\n\t\t\t<div class=\"elementor-widget-wrap elementor-element-populated\">\n\t\t\t\t\t\t\t\t<div class=\"elementor-element elementor-element-1e49db9 animated-slow elementor-widget-mobile__width-inherit elementor-invisible elementor-widget elementor-widget-heading\" data-id=\"1e49db9\" data-element_type=\"widget\" data-settings=\"{&quot;_animation&quot;:&quot;fadeInLeft&quot;}\" data-widget_type=\"heading.default\">\n\t\t\t\t<div class=\"elementor-widget-container\">\n\t\t\t<style>\/*! elementor - v3.12.0 - 29-03-2023 *\/\n.elementor-heading-title{padding:0;margin:0;line-height:1}.elementor-widget-heading .elementor-heading-title[class*=elementor-size-]>a{color:inherit;font-size:inherit;line-height:inherit}.elementor-widget-heading .elementor-heading-title.elementor-size-small{font-size:15px}.elementor-widget-heading .elementor-heading-title.elementor-size-medium{font-size:19px}.elementor-widget-heading .elementor-heading-title.elementor-size-large{font-size:29px}.elementor-widget-heading .elementor-heading-title.elementor-size-xl{font-size:39px}.elementor-widget-heading .elementor-heading-title.elementor-size-xxl{font-size:59px}<\/style><h1 class=\"elementor-heading-title elementor-size-default\">Leistungen<\/h1>\t\t<\/div>\n\t\t\t\t<\/div>\n\t\t\t\t<div class=\"elementor-element elementor-element-787fc01 animated-slow elementor-widget-mobile__width-initial elementor-invisible elementor-widget elementor-widget-heading\" data-id=\"787fc01\" data-element_type=\"widget\" data-settings=\"{&quot;_animation&quot;:&quot;fadeInLeft&quot;}\" data-widget_type=\"heading.default\">\n\t\t\t\t<div class=\"elementor-widget-container\">\n\t\t\t<h2 class=\"elementor-heading-title elementor-size-default\">ATMOSPH\u00c4RE. DESIGN. TECHNIK.<\/h2>\t\t<\/div>\n\t\t\t\t<\/div>\n\t\t\t\t<div class=\"elementor-element elementor-element-328ac99 animated-slow elementor-invisible elementor-widget elementor-widget-text-editor\" data-id=\"328ac99\" data-element_type=\"widget\" data-settings=\"{&quot;_animation&quot;:&quot;fadeInLeft&quot;,&quot;motion_fx_motion_fx_scrolling&quot;:&quot;yes&quot;,&quot;_animation_delay&quot;:150,&quot;motion_fx_devices&quot;:[&quot;desktop&quot;,&quot;tablet&quot;,&quot;mobile&quot;]}\" data-widget_type=\"text-editor.default\">\n\t\t\t\t<div class=\"elementor-widget-container\">\n\t\t\t<style>\/*! elementor - v3.12.0 - 29-03-2023 *\/\n.elementor-widget-text-editor.elementor-drop-cap-view-stacked .elementor-drop-cap{background-color:#69727d;color:#fff}.elementor-widget-text-editor.elementor-drop-cap-view-framed .elementor-drop-cap{color:#69727d;border:3px solid;background-color:transparent}.elementor-widget-text-editor:not(.elementor-drop-cap-view-default) .elementor-drop-cap{margin-top:8px}.elementor-widget-text-editor:not(.elementor-drop-cap-view-default) .elementor-drop-cap-letter{width:1em;height:1em}.elementor-widget-text-editor .elementor-drop-cap{float:left;text-align:center;line-height:1;font-size:50px}.elementor-widget-text-editor .elementor-drop-cap-letter{display:inline-block}<\/style>\t\t\t\t<p>Unsere Passion gilt der Entwicklung intelligente Gastronomiekonzepte. Seit zwei Jahrzehnten setzen wir Ma\u00dfst\u00e4be in Sachen Gro\u00dfk\u00fcchentechnik, Interimsl\u00f6sungen und Consulting. Mit uns haben <span style=\"color: var( --e-global-color-text ); font-family: var( --e-global-typography-primary-font-family ), Sans-serif; font-size: var( --e-global-typography-primary-font-size ); font-weight: var( --e-global-typography-primary-font-weight ); letter-spacing: var( --e-global-typography-primary-letter-spacing );\">Sie einen zuverl\u00e4ssigen Partner, der ihnen mit fundiertem Wissen zur Seite steht, \u00fcber den Tellerrand schaut und so L\u00f6sungen schafft, die nachhaltig f\u00fcr Zufriedenheit sorgen.<\/span><\/p><p>Unsere Expertise erstreckt sich \u00fcber das gesamte Spektrum der Gastronomiebranche. Ob es um die Schaffung einer einzigartigen Atmosph\u00e4re geht, die nicht nur G\u00e4ste anzieht, sondern auch ein einladendes Ambiente kreiert, oder um ein durchdachtes Design, das \u00c4sthetik und Funktionalit\u00e4t meisterhaft verbindet \u2013 wir sind Ihr Partner f\u00fcr innovative Konzepte, die Ihre Einrichtung herausragend machen.<\/p>\t\t\t\t\t\t<\/div>\n\t\t\t\t<\/div>\n\t\t\t\t<div class=\"elementor-element elementor-element-f66c4c2 animated-slow elementor-invisible elementor-widget elementor-widget-toggle\" data-id=\"f66c4c2\" data-element_type=\"widget\" data-settings=\"{&quot;motion_fx_motion_fx_scrolling&quot;:&quot;yes&quot;,&quot;_animation&quot;:&quot;fadeInLeft&quot;,&quot;motion_fx_devices&quot;:[&quot;desktop&quot;,&quot;tablet&quot;,&quot;mobile&quot;]}\" data-widget_type=\"toggle.default\">\n\t\t\t\t<div class=\"elementor-widget-container\">\n\t\t\t<style>\/*! elementor - v3.12.0 - 29-03-2023 *\/\n.elementor-toggle{text-align:left}.elementor-toggle .elementor-tab-title{font-weight:700;line-height:1;margin:0;padding:15px;border-bottom:1px solid #d5d8dc;cursor:pointer;outline:none}.elementor-toggle .elementor-tab-title .elementor-toggle-icon{display:inline-block;width:1em}.elementor-toggle .elementor-tab-title .elementor-toggle-icon svg{-webkit-margin-start:-5px;margin-inline-start:-5px;width:1em;height:1em}.elementor-toggle .elementor-tab-title .elementor-toggle-icon.elementor-toggle-icon-right{float:right;text-align:right}.elementor-toggle .elementor-tab-title .elementor-toggle-icon.elementor-toggle-icon-left{float:left;text-align:left}.elementor-toggle .elementor-tab-title .elementor-toggle-icon .elementor-toggle-icon-closed{display:block}.elementor-toggle .elementor-tab-title .elementor-toggle-icon .elementor-toggle-icon-opened{display:none}.elementor-toggle .elementor-tab-title.elementor-active{border-bottom:none}.elementor-toggle .elementor-tab-title.elementor-active .elementor-toggle-icon-closed{display:none}.elementor-toggle .elementor-tab-title.elementor-active .elementor-toggle-icon-opened{display:block}.elementor-toggle .elementor-tab-content{padding:15px;border-bottom:1px solid #d5d8dc;display:none}@media (max-width:767px){.elementor-toggle .elementor-tab-title{padding:12px}.elementor-toggle .elementor-tab-content{padding:12px 10px}}.e-con-inner>.elementor-widget-toggle,.e-con>.elementor-widget-toggle{width:var(--container-widget-width);--flex-grow:var(--container-widget-flex-grow)}<\/style>\t\t<div class=\"elementor-toggle\" role=\"tablist\">\n\t\t\t\t\t\t\t<div class=\"elementor-toggle-item\">\n\t\t\t\t\t<div id=\"elementor-tab-title-2581\" class=\"elementor-tab-title\" data-tab=\"1\" role=\"tab\" aria-controls=\"elementor-tab-content-2581\" aria-expanded=\"false\">\n\t\t\t\t\t\t\t\t\t\t\t\t<span class=\"elementor-toggle-icon elementor-toggle-icon-left\" aria-hidden=\"true\">\n\t\t\t\t\t\t\t\t\t\t\t\t\t\t\t<span class=\"elementor-toggle-icon-closed\"><i class=\"fas fa-plus\"><\/i><\/span>\n\t\t\t\t\t\t\t\t<span class=\"elementor-toggle-icon-opened\"><i class=\"elementor-toggle-icon-opened fas fa-minus\"><\/i><\/span>\n\t\t\t\t\t\t\t\t\t\t\t\t\t<\/span>\n\t\t\t\t\t\t\t\t\t\t\t\t<a href=\"\" class=\"elementor-toggle-title\">Gro\u00dfk\u00fcchentechnik<\/a>\n\t\t\t\t\t<\/div>\n\n\t\t\t\t\t<div id=\"elementor-tab-content-2581\" class=\"elementor-tab-content elementor-clearfix\" data-tab=\"1\" role=\"tabpanel\" aria-labelledby=\"elementor-tab-title-2581\"><p>Unsere langj\u00e4hrige Erfahrung in der Gro\u00dfk\u00fcchentechnik erm\u00f6glicht es uns, L\u00f6sungen zu entwickeln, die h\u00f6chsten Standards gerecht werden. Wir verstehen, dass die Technik in einer professionellen K\u00fcche nahtlos funktionieren muss, um einen reibungslosen Ablauf zu garantieren. Daher setzen wir auf modernste Technologien und bew\u00e4hrte Methoden, um effiziente und zuverl\u00e4ssige L\u00f6sungen zu kreieren.<\/p><p><a href=\"https:\/\/www.kpc-project.com\/leistungen\/grosskuechentechnik\/\">Mehr dazu<\/a><\/p><\/div>\n\t\t\t\t<\/div>\n\t\t\t\t\t\t\t<div class=\"elementor-toggle-item\">\n\t\t\t\t\t<div id=\"elementor-tab-title-2582\" class=\"elementor-tab-title\" data-tab=\"2\" role=\"tab\" aria-controls=\"elementor-tab-content-2582\" aria-expanded=\"false\">\n\t\t\t\t\t\t\t\t\t\t\t\t<span class=\"elementor-toggle-icon elementor-toggle-icon-left\" aria-hidden=\"true\">\n\t\t\t\t\t\t\t\t\t\t\t\t\t\t\t<span class=\"elementor-toggle-icon-closed\"><i class=\"fas fa-plus\"><\/i><\/span>\n\t\t\t\t\t\t\t\t<span class=\"elementor-toggle-icon-opened\"><i class=\"elementor-toggle-icon-opened fas fa-minus\"><\/i><\/span>\n\t\t\t\t\t\t\t\t\t\t\t\t\t<\/span>\n\t\t\t\t\t\t\t\t\t\t\t\t<a href=\"\" class=\"elementor-toggle-title\">Tempor\u00e4re Raumsysteme<\/a>\n\t\t\t\t\t<\/div>\n\n\t\t\t\t\t<div id=\"elementor-tab-content-2582\" class=\"elementor-tab-content elementor-clearfix\" data-tab=\"2\" role=\"tabpanel\" aria-labelledby=\"elementor-tab-title-2582\"><p>Unsere Interimsl\u00f6sungen bieten Ihnen Flexibilit\u00e4t und Unterst\u00fctzung, wenn Sie sie am dringendsten ben\u00f6tigen. Wir sind uns der Dynamik der Gastronomiebranche bewusst und bieten tempor\u00e4re L\u00f6sungen, die sich nahtlos in Ihren Betrieb integrieren lassen und Ihnen helfen, Engp\u00e4sse zu \u00fcberbr\u00fccken.<\/p><p><a href=\"https:\/\/www.kpc-project.com\/leistungen\/temporaere-raumsysteme\/\">Mehr dazu<\/a><\/p><\/div>\n\t\t\t\t<\/div>\n\t\t\t\t\t\t\t<div class=\"elementor-toggle-item\">\n\t\t\t\t\t<div id=\"elementor-tab-title-2583\" class=\"elementor-tab-title\" data-tab=\"3\" role=\"tab\" aria-controls=\"elementor-tab-content-2583\" aria-expanded=\"false\">\n\t\t\t\t\t\t\t\t\t\t\t\t<span class=\"elementor-toggle-icon elementor-toggle-icon-left\" aria-hidden=\"true\">\n\t\t\t\t\t\t\t\t\t\t\t\t\t\t\t<span class=\"elementor-toggle-icon-closed\"><i class=\"fas fa-plus\"><\/i><\/span>\n\t\t\t\t\t\t\t\t<span class=\"elementor-toggle-icon-opened\"><i class=\"elementor-toggle-icon-opened fas fa-minus\"><\/i><\/span>\n\t\t\t\t\t\t\t\t\t\t\t\t\t<\/span>\n\t\t\t\t\t\t\t\t\t\t\t\t<a href=\"\" class=\"elementor-toggle-title\">Consulting<\/a>\n\t\t\t\t\t<\/div>\n\n\t\t\t\t\t<div id=\"elementor-tab-content-2583\" class=\"elementor-tab-content elementor-clearfix\" data-tab=\"3\" role=\"tabpanel\" aria-labelledby=\"elementor-tab-title-2583\"><p>Wir beraten bei Vorhaben im Bereich der Gastronomie hinsichtlich der Machbarkeit, gehen vom Status Quo aus und konzipieren hochwertige Individuall\u00f6sungen.<\/p><p>Unsere Beratungsdienste gehen \u00fcber das \u00dcbliche hinaus. Wir h\u00f6ren aufmerksam zu, analysieren gr\u00fcndlich und bieten ma\u00dfgeschneiderte Ratschl\u00e4ge, die auf Ihre individuellen Bed\u00fcrfnisse zugeschnitten sind. Von der Konzeption bis zur Umsetzung begleiten wir Sie dabei, Ihre Visionen in die Realit\u00e4t umzusetzen.<\/p><p><a href=\"https:\/\/www.kpc-project.com\/leistungen\/consulting\/\">Mehr dazu<\/a><\/p><\/div>\n\t\t\t\t<\/div>\n\t\t\t\t\t\t\t<div class=\"elementor-toggle-item\">\n\t\t\t\t\t<div id=\"elementor-tab-title-2584\" class=\"elementor-tab-title\" data-tab=\"4\" role=\"tab\" aria-controls=\"elementor-tab-content-2584\" aria-expanded=\"false\">\n\t\t\t\t\t\t\t\t\t\t\t\t<span class=\"elementor-toggle-icon elementor-toggle-icon-left\" aria-hidden=\"true\">\n\t\t\t\t\t\t\t\t\t\t\t\t\t\t\t<span class=\"elementor-toggle-icon-closed\"><i class=\"fas fa-plus\"><\/i><\/span>\n\t\t\t\t\t\t\t\t<span class=\"elementor-toggle-icon-opened\"><i class=\"elementor-toggle-icon-opened fas fa-minus\"><\/i><\/span>\n\t\t\t\t\t\t\t\t\t\t\t\t\t<\/span>\n\t\t\t\t\t\t\t\t\t\t\t\t<a href=\"\" class=\"elementor-toggle-title\">Gastronomiebedarf<\/a>\n\t\t\t\t\t<\/div>\n\n\t\t\t\t\t<div id=\"elementor-tab-content-2584\" class=\"elementor-tab-content elementor-clearfix\" data-tab=\"4\" role=\"tabpanel\" aria-labelledby=\"elementor-tab-title-2584\"><p>Wir bieten ein breitgef\u00e4chertes Sortiment f\u00fcr den gedeckten Tisch und an K\u00fcchentechnik in gepr\u00fcfter Qualit\u00e4t. Unser umfangreiches Repertoire umfasst neue und gebrauchte\u00a0 Artikel f\u00fcr Gastronomie, Restaurant, Hotellerie und Gemeinschaftsverpflegung.<\/p><p><a href=\"https:\/\/www.kpc-project.com\/gastronomiebedarf\/\">Mehr dazu<\/a><\/p><\/div>\n\t\t\t\t<\/div>\n\t\t\t\t\t\t\t\t<\/div>\n\t\t\t\t<\/div>\n\t\t\t\t<\/div>\n\t\t\t\t\t<\/div>\n\t\t<\/div>\n\t\t\t\t<div class=\"elementor-column elementor-col-50 elementor-top-column elementor-element elementor-element-6e68168\" data-id=\"6e68168\" data-element_type=\"column\">\n\t\t\t<div class=\"elementor-widget-wrap elementor-element-populated\">\n\t\t\t\t\t\t\t\t<div class=\"elementor-element elementor-element-3d0b0cc elementor-widget elementor-widget-image\" data-id=\"3d0b0cc\" data-element_type=\"widget\" data-widget_type=\"image.default\">\n\t\t\t\t<div class=\"elementor-widget-container\">\n\t\t\t<style>\/*! elementor - v3.12.0 - 29-03-2023 *\/\n.elementor-widget-image{text-align:center}.elementor-widget-image a{display:inline-block}.elementor-widget-image a img[src$=\".svg\"]{width:48px}.elementor-widget-image img{vertical-align:middle;display:inline-block}<\/style>\t\t\t\t\t\t\t\t\t\t\t\t<img loading=\"lazy\" decoding=\"async\" width=\"800\" height=\"450\" src=\"https:\/\/www.kpc-project.com\/wp-content\/uploads\/2021\/08\/kpc-grosskuechentechnik-ibm-berlinertor-1024x576.jpg\" class=\"attachment-large size-large wp-image-333\" alt=\"kpc Gro\u00dfk\u00fcchentechnik IBM Berliner Tor\" srcset=\"https:\/\/www.kpc-project.com\/wp-content\/uploads\/2021\/08\/kpc-grosskuechentechnik-ibm-berlinertor-1024x576.jpg 1024w, https:\/\/www.kpc-project.com\/wp-content\/uploads\/2021\/08\/kpc-grosskuechentechnik-ibm-berlinertor-300x169.jpg 300w, https:\/\/www.kpc-project.com\/wp-content\/uploads\/2021\/08\/kpc-grosskuechentechnik-ibm-berlinertor-768x432.jpg 768w, https:\/\/www.kpc-project.com\/wp-content\/uploads\/2021\/08\/kpc-grosskuechentechnik-ibm-berlinertor-1536x864.jpg 1536w, https:\/\/www.kpc-project.com\/wp-content\/uploads\/2021\/08\/kpc-grosskuechentechnik-ibm-berlinertor.jpg 1920w\" sizes=\"auto, (max-width: 800px) 100vw, 800px\" \/>\t\t\t\t\t\t\t\t\t\t\t\t\t\t\t<\/div>\n\t\t\t\t<\/div>\n\t\t\t\t\t<\/div>\n\t\t<\/div>\n\t\t\t\t\t\t\t<\/div>\n\t\t<\/section>\n\t\t\t\t\t\t\t<\/div>\n\t\t","protected":false},"excerpt":{"rendered":"<p>ATMOSPH\u00c4RE. DESIGN. TECHNIK. Unsere Passion gilt der Entwicklung intelligente Gastronomiekonzepte. Seit zwei Jahrzehnten setzen wir Ma\u00dfst\u00e4be in Sachen Gro\u00dfk\u00fcchentechnik, Interimsl\u00f6sungen und Consulting. Mit uns haben Sie einen zuverl\u00e4ssigen Partner, der ihnen mit fundiertem Wissen zur Seite steht, \u00fcber den Tellerrand schaut und so L\u00f6sungen schafft, die nachhaltig f\u00fcr Zufriedenheit sorgen. Unsere Expertise erstreckt sich \u00fcber [&hellip;]<\/p>\n","protected":false},"author":1,"featured_media":0,"parent":0,"menu_order":0,"comment_status":"closed","ping_status":"closed","template":"","meta":{"inline_featured_image":false,"footnotes":""},"class_list":["post-19","page","type-page","status-publish","hentry"],"_links":{"self":[{"href":"https:\/\/www.kpc-project.com\/en\/wp-json\/wp\/v2\/pages\/19","targetHints":{"allow":["GET"]}}],"collection":[{"href":"https:\/\/www.kpc-project.com\/en\/wp-json\/wp\/v2\/pages"}],"about":[{"href":"https:\/\/www.kpc-project.com\/en\/wp-json\/wp\/v2\/types\/page"}],"author":[{"embeddable":true,"href":"https:\/\/www.kpc-project.com\/en\/wp-json\/wp\/v2\/users\/1"}],"replies":[{"embeddable":true,"href":"https:\/\/www.kpc-project.com\/en\/wp-json\/wp\/v2\/comments?post=19"}],"version-history":[{"count":111,"href":"https:\/\/www.kpc-project.com\/en\/wp-json\/wp\/v2\/pages\/19\/revisions"}],"predecessor-version":[{"id":9258,"href":"https:\/\/www.kpc-project.com\/en\/wp-json\/wp\/v2\/pages\/19\/revisions\/9258"}],"wp:attachment":[{"href":"https:\/\/www.kpc-project.com\/en\/wp-json\/wp\/v2\/media?parent=19"}],"curies":[{"name":"wp","href":"https:\/\/api.w.org\/{rel}","templated":true}]}}