{"id":9451,"date":"2024-01-29T20:31:19","date_gmt":"2024-01-29T19:31:19","guid":{"rendered":"https:\/\/www.kpc-project.com\/?page_id=9451"},"modified":"2024-04-24T17:30:34","modified_gmt":"2024-04-24T15:30:34","slug":"offene-stellen","status":"publish","type":"page","link":"https:\/\/www.kpc-project.com\/en\/offene-stellen\/","title":{"rendered":"Servicetechniker:in"},"content":{"rendered":"\t\t<div data-elementor-type=\"wp-page\" data-elementor-id=\"9451\" class=\"elementor elementor-9451\">\n\t\t\t\t\t\t\t\t\t<section class=\"elementor-section elementor-top-section elementor-element elementor-element-20529ec elementor-section-full_width elementor-section-height-full elementor-section-height-default elementor-section-items-middle\" data-id=\"20529ec\" data-element_type=\"section\" data-settings=\"{&quot;background_background&quot;:&quot;classic&quot;}\">\n\t\t\t\t\t\t<div class=\"elementor-container elementor-column-gap-default\">\n\t\t\t\t\t<div class=\"elementor-column elementor-col-50 elementor-top-column elementor-element elementor-element-d4808e2\" data-id=\"d4808e2\" data-element_type=\"column\">\n\t\t\t<div class=\"elementor-widget-wrap elementor-element-populated\">\n\t\t\t\t\t\t\t\t<div class=\"elementor-element elementor-element-29bad7b animated-slow elementor-widget-mobile__width-inherit elementor-invisible elementor-widget elementor-widget-heading\" data-id=\"29bad7b\" data-element_type=\"widget\" data-settings=\"{&quot;_animation&quot;:&quot;fadeInLeft&quot;}\" data-widget_type=\"heading.default\">\n\t\t\t\t<div class=\"elementor-widget-container\">\n\t\t\t<style>\/*! elementor - v3.12.0 - 29-03-2023 *\/\n.elementor-heading-title{padding:0;margin:0;line-height:1}.elementor-widget-heading .elementor-heading-title[class*=elementor-size-]>a{color:inherit;font-size:inherit;line-height:inherit}.elementor-widget-heading .elementor-heading-title.elementor-size-small{font-size:15px}.elementor-widget-heading .elementor-heading-title.elementor-size-medium{font-size:19px}.elementor-widget-heading .elementor-heading-title.elementor-size-large{font-size:29px}.elementor-widget-heading .elementor-heading-title.elementor-size-xl{font-size:39px}.elementor-widget-heading .elementor-heading-title.elementor-size-xxl{font-size:59px}<\/style><h1 class=\"elementor-heading-title elementor-size-default\">Servicetechniker:in<\/h1>\t\t<\/div>\n\t\t\t\t<\/div>\n\t\t\t\t<div class=\"elementor-element elementor-element-59bac74 animated-slow elementor-widget-mobile__width-initial elementor-invisible elementor-widget elementor-widget-heading\" data-id=\"59bac74\" data-element_type=\"widget\" data-settings=\"{&quot;_animation&quot;:&quot;fadeInLeft&quot;}\" data-widget_type=\"heading.default\">\n\t\t\t\t<div class=\"elementor-widget-container\">\n\t\t\t<h2 class=\"elementor-heading-title elementor-size-default\">Zur Verst\u00e4rkung unseres Teams<\/h2>\t\t<\/div>\n\t\t\t\t<\/div>\n\t\t\t\t<div class=\"elementor-element elementor-element-6010542 animated-slow elementor-invisible elementor-widget elementor-widget-text-editor\" data-id=\"6010542\" data-element_type=\"widget\" data-settings=\"{&quot;_animation&quot;:&quot;fadeInLeft&quot;,&quot;motion_fx_motion_fx_scrolling&quot;:&quot;yes&quot;,&quot;_animation_delay&quot;:150,&quot;motion_fx_devices&quot;:[&quot;desktop&quot;,&quot;tablet&quot;,&quot;mobile&quot;]}\" data-widget_type=\"text-editor.default\">\n\t\t\t\t<div class=\"elementor-widget-container\">\n\t\t\t<style>\/*! elementor - v3.12.0 - 29-03-2023 *\/\n.elementor-widget-text-editor.elementor-drop-cap-view-stacked .elementor-drop-cap{background-color:#69727d;color:#fff}.elementor-widget-text-editor.elementor-drop-cap-view-framed .elementor-drop-cap{color:#69727d;border:3px solid;background-color:transparent}.elementor-widget-text-editor:not(.elementor-drop-cap-view-default) .elementor-drop-cap{margin-top:8px}.elementor-widget-text-editor:not(.elementor-drop-cap-view-default) .elementor-drop-cap-letter{width:1em;height:1em}.elementor-widget-text-editor .elementor-drop-cap{float:left;text-align:center;line-height:1;font-size:50px}.elementor-widget-text-editor .elementor-drop-cap-letter{display:inline-block}<\/style>\t\t\t\t<p>Wir sind auf der Suche nach motivierten neuen Mitarbeitern (m\/w\/d) im Kundendienst, die unser Service-Team mit ihrer Expertise und ihrem Engagement bereichern.<\/p><p>Werde Teil unseres Teams.\u00a0 Unser Team ist interdisziplin\u00e4r aufgestellt \u2013 wir lernen, unterst\u00fctzen und inspirieren uns gegenseitig, um innovative L\u00f6sungen zu entwickeln. Wir suchen nach neuen Talenten und kreativen Pers\u00f6nlichkeiten, die bereit sind, mit uns gemeinsam neue Wege zu gehen. Bei uns gibt es Raum f\u00fcr pers\u00f6nlichen Wachstum und Erfolg \u2013 wir sch\u00e4tzen die Bereitschaft zum stetigen Lernen und bieten M\u00f6glichkeiten zur beruflichen Weiterentwicklung.<\/p>\t\t\t\t\t\t<\/div>\n\t\t\t\t<\/div>\n\t\t\t\t\t<\/div>\n\t\t<\/div>\n\t\t\t\t<div class=\"elementor-column elementor-col-50 elementor-top-column elementor-element elementor-element-76e2b61\" data-id=\"76e2b61\" data-element_type=\"column\">\n\t\t\t<div class=\"elementor-widget-wrap elementor-element-populated\">\n\t\t\t\t\t\t\t\t<div class=\"elementor-element elementor-element-5d0f648 elementor-widget elementor-widget-image\" data-id=\"5d0f648\" data-element_type=\"widget\" data-widget_type=\"image.default\">\n\t\t\t\t<div class=\"elementor-widget-container\">\n\t\t\t<style>\/*! elementor - v3.12.0 - 29-03-2023 *\/\n.elementor-widget-image{text-align:center}.elementor-widget-image a{display:inline-block}.elementor-widget-image a img[src$=\".svg\"]{width:48px}.elementor-widget-image img{vertical-align:middle;display:inline-block}<\/style>\t\t\t\t\t\t\t\t\t\t\t\t<img loading=\"lazy\" decoding=\"async\" width=\"800\" height=\"533\" src=\"https:\/\/www.kpc-project.com\/wp-content\/uploads\/2021\/10\/kpc-consulting-machbarkeitsanalyse.jpg\" class=\"attachment-large size-large wp-image-3383\" alt=\"\" srcset=\"https:\/\/www.kpc-project.com\/wp-content\/uploads\/2021\/10\/kpc-consulting-machbarkeitsanalyse.jpg 1000w, https:\/\/www.kpc-project.com\/wp-content\/uploads\/2021\/10\/kpc-consulting-machbarkeitsanalyse-300x200.jpg 300w, https:\/\/www.kpc-project.com\/wp-content\/uploads\/2021\/10\/kpc-consulting-machbarkeitsanalyse-768x511.jpg 768w\" sizes=\"auto, (max-width: 800px) 100vw, 800px\" \/>\t\t\t\t\t\t\t\t\t\t\t\t\t\t\t<\/div>\n\t\t\t\t<\/div>\n\t\t\t\t\t<\/div>\n\t\t<\/div>\n\t\t\t\t\t\t\t<\/div>\n\t\t<\/section>\n\t\t\t\t<section class=\"elementor-section elementor-top-section elementor-element elementor-element-4122893 elementor-section-height-min-height elementor-section-items-stretch elementor-section-full_width elementor-section-height-default\" data-id=\"4122893\" data-element_type=\"section\" data-settings=\"{&quot;background_background&quot;:&quot;classic&quot;}\">\n\t\t\t\t\t\t<div class=\"elementor-container elementor-column-gap-default\">\n\t\t\t\t\t<div class=\"elementor-column elementor-col-50 elementor-top-column elementor-element elementor-element-880c7b1\" data-id=\"880c7b1\" data-element_type=\"column\">\n\t\t\t<div class=\"elementor-widget-wrap elementor-element-populated\">\n\t\t\t\t\t\t\t\t<div class=\"elementor-element elementor-element-25b361d elementor-invisible elementor-widget elementor-widget-heading\" data-id=\"25b361d\" data-element_type=\"widget\" data-settings=\"{&quot;_animation&quot;:&quot;fadeIn&quot;,&quot;_animation_mobile&quot;:&quot;fadeInUp&quot;}\" data-widget_type=\"heading.default\">\n\t\t\t\t<div class=\"elementor-widget-container\">\n\t\t\t<span class=\"elementor-heading-title elementor-size-default\">Aufgabenbereich: <\/span>\t\t<\/div>\n\t\t\t\t<\/div>\n\t\t\t\t<div class=\"elementor-element elementor-element-4ab0863 elementor-invisible elementor-widget elementor-widget-text-editor\" data-id=\"4ab0863\" data-element_type=\"widget\" data-settings=\"{&quot;_animation&quot;:&quot;fadeIn&quot;}\" data-widget_type=\"text-editor.default\">\n\t\t\t\t<div class=\"elementor-widget-container\">\n\t\t\t\t\t\t\t<p>\u00a0<\/p><ul><li>Montage \/ Inbetriebnahme und Wartung von gewerblichen Gro\u00dfk\u00fcchen bzw. Einzelger\u00e4ten vor Ort bei unseren Kunden<\/li><li>Selbstst\u00e4ndige Serviceeins\u00e4tze zur St\u00f6rungsbehebung und Instandhaltung<\/li><li>Durchf\u00fchrung notwendiger Reparaturen und Wartungsma\u00dfnahmen<\/li><li>Vor- und Nachbereitung von Serviceeins\u00e4tzen<\/li><li>Erstellung von Wartungs- und Pr\u00fcfprotokollen<\/li><li>Ansprechpartner f\u00fcr technische Einweisungen und Handhabung der Ger\u00e4te<\/li><\/ul>\t\t\t\t\t\t<\/div>\n\t\t\t\t<\/div>\n\t\t\t\t<div class=\"elementor-element elementor-element-b8f16b0 elementor-invisible elementor-widget elementor-widget-text-editor\" data-id=\"b8f16b0\" data-element_type=\"widget\" data-settings=\"{&quot;_animation&quot;:&quot;fadeIn&quot;}\" data-widget_type=\"text-editor.default\">\n\t\t\t\t<div class=\"elementor-widget-container\">\n\t\t\t\t\t\t\t\t\t\t\t\t\t<\/div>\n\t\t\t\t<\/div>\n\t\t\t\t<div class=\"elementor-element elementor-element-9950a57 elementor-invisible elementor-widget elementor-widget-heading\" data-id=\"9950a57\" data-element_type=\"widget\" data-settings=\"{&quot;_animation&quot;:&quot;fadeIn&quot;,&quot;_animation_mobile&quot;:&quot;fadeInUp&quot;}\" data-widget_type=\"heading.default\">\n\t\t\t\t<div class=\"elementor-widget-container\">\n\t\t\t<span class=\"elementor-heading-title elementor-size-default\">Stellenanforderungen:<\/span>\t\t<\/div>\n\t\t\t\t<\/div>\n\t\t\t\t<div class=\"elementor-element elementor-element-c037acf elementor-invisible elementor-widget elementor-widget-text-editor\" data-id=\"c037acf\" data-element_type=\"widget\" data-settings=\"{&quot;_animation&quot;:&quot;fadeIn&quot;}\" data-widget_type=\"text-editor.default\">\n\t\t\t\t<div class=\"elementor-widget-container\">\n\t\t\t\t\t\t\t<ul><li>Abgeschlossene Berufsausbildung aus dem Elektrohandwerk oder z.B. als Sanit\u00e4rtechniker:in, Sanit\u00e4rinstallateur:in<\/li><li>Berufserfahrung im (elektro-) technischen Bereich von Vorteil, vorzugsweise im Bereich Gastronomie<\/li><li>F\u00fchrerschein Klasse B<br \/>Handwerkliches Geschick und Freude an selbstst\u00e4ndigem und verantwortungsbewusstem Arbeiten<\/li><li>Ausgepr\u00e4gter Teamgeist<\/li><li>Kunden- und Serviceorientierung<\/li><li>Lernbereitschaft<\/li><\/ul>\t\t\t\t\t\t<\/div>\n\t\t\t\t<\/div>\n\t\t\t\t<div class=\"elementor-element elementor-element-1371247 elementor-invisible elementor-widget elementor-widget-text-editor\" data-id=\"1371247\" data-element_type=\"widget\" data-settings=\"{&quot;_animation&quot;:&quot;fadeIn&quot;}\" data-widget_type=\"text-editor.default\">\n\t\t\t\t<div class=\"elementor-widget-container\">\n\t\t\t\t\t\t\t\t\t\t\t\t\t<\/div>\n\t\t\t\t<\/div>\n\t\t\t\t<div class=\"elementor-element elementor-element-0c4972c elementor-invisible elementor-widget elementor-widget-heading\" data-id=\"0c4972c\" data-element_type=\"widget\" data-settings=\"{&quot;_animation&quot;:&quot;fadeIn&quot;,&quot;_animation_mobile&quot;:&quot;fadeInUp&quot;}\" data-widget_type=\"heading.default\">\n\t\t\t\t<div class=\"elementor-widget-container\">\n\t\t\t<span class=\"elementor-heading-title elementor-size-default\">Was wir bieten:<\/span>\t\t<\/div>\n\t\t\t\t<\/div>\n\t\t\t\t<div class=\"elementor-element elementor-element-b9b8def elementor-invisible elementor-widget elementor-widget-text-editor\" data-id=\"b9b8def\" data-element_type=\"widget\" data-settings=\"{&quot;_animation&quot;:&quot;fadeIn&quot;}\" data-widget_type=\"text-editor.default\">\n\t\t\t\t<div class=\"elementor-widget-container\">\n\t\t\t\t\t\t\t<ul><li>Stabiler Arbeitsplatz<\/li><li>Fairer Lohn<\/li><li>Professionelle Ausstattung: hochwertige Arbeitskleidung, Werkzeug und Handy<\/li><li>Umfangreiche Einarbeitung und kontinuierliche Weiterbildung<\/li><li>Karrierem\u00f6glichkeiten und Entwicklungschancen<\/li><li>Bezahlte Fort- und Weiterbildungen<\/li><li>Teambuilding und gemeinsame Aktivit\u00e4ten<\/li><li>JobRad<\/li><li>Mittelfristig 4-Tage Woche; Freitag f\u00fcr Vor- und Nachbereitung<\/li><\/ul>\t\t\t\t\t\t<\/div>\n\t\t\t\t<\/div>\n\t\t\t\t\t<\/div>\n\t\t<\/div>\n\t\t\t\t<div class=\"elementor-column elementor-col-50 elementor-top-column elementor-element elementor-element-970c3aa elementor-hidden-mobile\" data-id=\"970c3aa\" data-element_type=\"column\">\n\t\t\t<div class=\"elementor-widget-wrap elementor-element-populated\">\n\t\t\t\t\t\t\t\t<div class=\"elementor-element elementor-element-2f2e9d8 elementor-invisible elementor-widget elementor-widget-text-editor\" data-id=\"2f2e9d8\" data-element_type=\"widget\" data-settings=\"{&quot;_animation&quot;:&quot;fadeIn&quot;}\" data-widget_type=\"text-editor.default\">\n\t\t\t\t<div class=\"elementor-widget-container\">\n\t\t\t\t\t\t\t\t\t\t\t\t\t<\/div>\n\t\t\t\t<\/div>\n\t\t\t\t\t<\/div>\n\t\t<\/div>\n\t\t\t\t\t\t\t<\/div>\n\t\t<\/section>\n\t\t\t\t<section class=\"elementor-section elementor-top-section elementor-element elementor-element-f8ced3b elementor-section-height-min-height elementor-section-items-stretch elementor-section-full_width elementor-section-height-default\" data-id=\"f8ced3b\" data-element_type=\"section\" data-settings=\"{&quot;background_background&quot;:&quot;classic&quot;}\">\n\t\t\t\t\t\t\t<div class=\"elementor-background-overlay\"><\/div>\n\t\t\t\t\t\t\t<div class=\"elementor-container elementor-column-gap-default\">\n\t\t\t\t\t<div class=\"elementor-column elementor-col-50 elementor-top-column elementor-element elementor-element-6b8155c\" data-id=\"6b8155c\" data-element_type=\"column\">\n\t\t\t<div class=\"elementor-widget-wrap elementor-element-populated\">\n\t\t\t\t\t\t\t\t<div class=\"elementor-element elementor-element-ebd5b82 elementor-invisible elementor-widget elementor-widget-heading\" data-id=\"ebd5b82\" data-element_type=\"widget\" data-settings=\"{&quot;_animation&quot;:&quot;fadeIn&quot;,&quot;_animation_mobile&quot;:&quot;fadeInUp&quot;}\" data-widget_type=\"heading.default\">\n\t\t\t\t<div class=\"elementor-widget-container\">\n\t\t\t<span class=\"elementor-heading-title elementor-size-default\">Bewerbung:<\/span>\t\t<\/div>\n\t\t\t\t<\/div>\n\t\t\t\t<div class=\"elementor-element elementor-element-ff2d88a elementor-invisible elementor-widget elementor-widget-text-editor\" data-id=\"ff2d88a\" data-element_type=\"widget\" data-settings=\"{&quot;_animation&quot;:&quot;fadeIn&quot;}\" data-widget_type=\"text-editor.default\">\n\t\t\t\t<div class=\"elementor-widget-container\">\n\t\t\t\t\t\t\t<p>Wir suchen Menschen, die mit uns anpacken und wachsen wollen.\u00a0<\/p><p>Wir ziehen gemeinsam an einem Strang und in dieselbe Richtung. Wenn du Lust auf einen tollen Job im Bereich Gro\u00dfk\u00fcchentechnik hast, freuen wir uns sehr auf deine Bewerbung!<\/p><p>\u00a0<\/p>\t\t\t\t\t\t<\/div>\n\t\t\t\t<\/div>\n\t\t\t\t<div class=\"elementor-element elementor-element-4792a2d elementor-invisible elementor-widget elementor-widget-text-editor\" data-id=\"4792a2d\" data-element_type=\"widget\" data-settings=\"{&quot;_animation&quot;:&quot;fadeIn&quot;}\" data-widget_type=\"text-editor.default\">\n\t\t\t\t<div class=\"elementor-widget-container\">\n\t\t\t\t\t\t\t<p>Wenn du weitere Informationen zu unserem Unternehmen und deiner Karriere bei kpc haben m\u00f6chtest, melde dich bei uns:\u00a0<\/p><p>carolin.wahl@kpc-project.com<\/p><p>+49 661 9 41 62 21<\/p>\t\t\t\t\t\t<\/div>\n\t\t\t\t<\/div>\n\t\t\t\t<div class=\"elementor-element elementor-element-20e2e01 elementor-invisible elementor-widget elementor-widget-heading\" data-id=\"20e2e01\" data-element_type=\"widget\" data-settings=\"{&quot;_animation&quot;:&quot;fadeInDown&quot;}\" data-widget_type=\"heading.default\">\n\t\t\t\t<div class=\"elementor-widget-container\">\n\t\t\t<span class=\"elementor-heading-title elementor-size-default\"><a class=\"tw-link-animated-arrow\" href=\"\/kontakt\/\">\n        <span class=\"tw-link-the-arrow tw-link-left\">\n          <span class=\"tw-link-shaft\"><\/span>\n        <\/span>\n        <span class=\"tw-link-main\">\n          <span class=\"tw-link-text\">\n            Jetzt bewerben\n          <\/span>\n          <span class=\"tw-link-the-arrow-right\">\n            <span class=\"tw-link-shaft\"><\/span>\n          <\/span>\n        <\/span>\n<\/a><\/span>\t\t<\/div>\n\t\t\t\t<\/div>\n\t\t\t\t\t<\/div>\n\t\t<\/div>\n\t\t\t\t<div class=\"elementor-column elementor-col-50 elementor-top-column elementor-element elementor-element-078d624 elementor-hidden-mobile\" data-id=\"078d624\" data-element_type=\"column\">\n\t\t\t<div class=\"elementor-widget-wrap elementor-element-populated\">\n\t\t\t\t\t\t\t\t<div class=\"elementor-element elementor-element-d1adae4 elementor-invisible elementor-widget elementor-widget-text-editor\" data-id=\"d1adae4\" data-element_type=\"widget\" data-settings=\"{&quot;_animation&quot;:&quot;fadeIn&quot;}\" data-widget_type=\"text-editor.default\">\n\t\t\t\t<div class=\"elementor-widget-container\">\n\t\t\t\t\t\t\t\t\t\t\t\t\t<\/div>\n\t\t\t\t<\/div>\n\t\t\t\t\t<\/div>\n\t\t<\/div>\n\t\t\t\t\t\t\t<\/div>\n\t\t<\/section>\n\t\t\t\t\t\t\t<\/div>\n\t\t","protected":false},"excerpt":{"rendered":"<p>Zur Verst\u00e4rkung unseres Teams Wir sind auf der Suche nach motivierten neuen Mitarbeitern (m\/w\/d) im Kundendienst, die unser Service-Team mit ihrer Expertise und ihrem Engagement bereichern. Werde Teil unseres Teams.\u00a0 Unser Team ist interdisziplin\u00e4r aufgestellt \u2013 wir lernen, unterst\u00fctzen und inspirieren uns gegenseitig, um innovative L\u00f6sungen zu entwickeln. Wir suchen nach neuen Talenten und kreativen [&hellip;]<\/p>\n","protected":false},"author":3,"featured_media":0,"parent":0,"menu_order":0,"comment_status":"closed","ping_status":"closed","template":"","meta":{"inline_featured_image":false,"footnotes":""},"class_list":["post-9451","page","type-page","status-publish","hentry"],"_links":{"self":[{"href":"https:\/\/www.kpc-project.com\/en\/wp-json\/wp\/v2\/pages\/9451","targetHints":{"allow":["GET"]}}],"collection":[{"href":"https:\/\/www.kpc-project.com\/en\/wp-json\/wp\/v2\/pages"}],"about":[{"href":"https:\/\/www.kpc-project.com\/en\/wp-json\/wp\/v2\/types\/page"}],"author":[{"embeddable":true,"href":"https:\/\/www.kpc-project.com\/en\/wp-json\/wp\/v2\/users\/3"}],"replies":[{"embeddable":true,"href":"https:\/\/www.kpc-project.com\/en\/wp-json\/wp\/v2\/comments?post=9451"}],"version-history":[{"count":43,"href":"https:\/\/www.kpc-project.com\/en\/wp-json\/wp\/v2\/pages\/9451\/revisions"}],"predecessor-version":[{"id":9524,"href":"https:\/\/www.kpc-project.com\/en\/wp-json\/wp\/v2\/pages\/9451\/revisions\/9524"}],"wp:attachment":[{"href":"https:\/\/www.kpc-project.com\/en\/wp-json\/wp\/v2\/media?parent=9451"}],"curies":[{"name":"wp","href":"https:\/\/api.w.org\/{rel}","templated":true}]}}